{"id":21613,"date":"2016-07-18T11:56:34","date_gmt":"2016-07-18T09:56:34","guid":{"rendered":"https:\/\/www.guidaturisticaosta.it\/castelli-valle-aosta\/"},"modified":"2025-11-21T21:52:30","modified_gmt":"2025-11-21T20:52:30","slug":"chateaux-de-la-vallee-daoste","status":"publish","type":"page","link":"https:\/\/www.guidaturisticaosta.it\/fr\/chateaux-de-la-vallee-daoste\/","title":{"rendered":"Ch\u00e2teaux de la Vall\u00e9e d&rsquo;Aoste &#8211; Informations et visites guid\u00e9es"},"content":{"rendered":"<p><strong>Visitez les ch\u00e2teaux de la Vall\u00e9e d\u2019Aoste<\/strong>, ch\u00e2teaux m\u00e9di\u00e9vaux et \u00e9l\u00e9gantes demeures impr\u00e9gn\u00e9es d\u2019histoire et de l\u00e9gendes.<\/p>\n<p><strong>Un guide conf\u00e9rencier<\/strong> vous accompagnera \u00e0 la d\u00e9couverte des plus beaux ch\u00e2teaux de la Vall\u00e9e d\u2019Aoste. Vous pourrez visiter les ch\u00e2teaux m\u00e9di\u00e9vaux les plus fascinants, tels que le <a href=\"https:\/\/www.guidaturisticaosta.it\/fr\/visite\/chateau-de-fenis\/\" target=\"_blank\"><strong>Ch\u00e2teau de F\u00e9nis<\/strong><\/a> et le <strong><a href=\"https:\/\/www.guidaturisticaosta.it\/fr\/visite\/chateau-dissogne\/\" target=\"_blank\">Ch\u00e2teau d\u2019Issogne<\/a><\/strong>, mais aussi de magnifiques demeures de la famille de Savoie comme le <strong><a href=\"https:\/\/www.guidaturisticaosta.it\/fr\/visite\/castel-savoia-gressoney\/\" target=\"_blank\">Castel Savoia<\/a><\/strong> de Gressoney-Saint-Jean ou encore des r\u00e9sidences \u00e9l\u00e9gantes comme le <a href=\"https:\/\/www.guidaturisticaosta.it\/fr\/visite\/chateau-daymavilles\/\" target=\"_blank\"><strong>Ch\u00e2teau d\u2019Aymavilles<\/strong><\/a>.<\/p>\n<p><strong>Le service de visite guid\u00e9e des ch\u00e2teaux avec un guide conf\u00e9rencier de la Vall\u00e9e d\u2019Aoste permet de b\u00e9n\u00e9ficier de horaires r\u00e9serv\u00e9s et garantis, \u00e9vitant ainsi les attentes inutiles.<\/strong><\/p>\n<h2>Les origines des ch\u00e2teaux de la Vall\u00e9e d\u2019Aoste<\/h2>\n<p>La Vall\u00e9e d\u2019Aoste a toujours constitu\u00e9 un passage oblig\u00e9 pour atteindre les cols alpins. Dans un territoire rude, d\u00e9pourvu d\u2019un pouvoir central fort exer\u00e7ant un contr\u00f4le direct, il \u00e9tait facile de s\u2019\u00e9lever au rang de seigneur. Pour cette raison, la Vall\u00e9e d\u2019Aoste est parsem\u00e9e de nombreux <strong>ch\u00e2teaux, tours et maisons fortes<\/strong>.<\/p>\n<h2>Les ch\u00e2teaux m\u00e9di\u00e9vaux en Vall\u00e9e d\u2019Aoste<\/h2>\n<p>Les premiers ch\u00e2teaux furent construits entre les XIe et XIIe si\u00e8cles et \u00e9taient compos\u00e9s d\u2019un donjon, d\u2019une chapelle castrale et d\u2019une enceinte fortifi\u00e9e. \u00c0 ce type de ch\u00e2teau appartiennent le <a href=\"https:\/\/www.guidaturisticaosta.it\/fr\/visite\/chateau-de-graines\/\" target=\"_blank\"><strong>Ch\u00e2teau de Graines<\/strong><\/a>, le Ch\u00e2teau de Ch\u00e2tel-Argent et le <a href=\"https:\/\/www.guidaturisticaosta.it\/fr\/visite\/chateau-de-cly\/\" target=\"_blank\"><strong>Ch\u00e2teau de Cly<\/strong><\/a>. Dans les si\u00e8cles suivants, le ch\u00e2teau passe d\u2019un r\u00f4le d\u00e9fensif \u00e0 une fonction r\u00e9sidentielle, donnant naissance \u00e0 de nouveaux types de ch\u00e2teaux dits \u00ab monoblocs \u00bb (Ch\u00e2teau d\u2019Ussel, <a href=\"https:\/\/www.guidaturisticaosta.it\/fr\/visite\/chateau-de-verres\/\" target=\"_blank\"><strong>Ch\u00e2teau de Verr\u00e8s<\/strong><\/a>). Construit \u00e0 la m\u00eame \u00e9poque, le Ch\u00e2teau de F\u00e9nis allie l\u2019appareil d\u00e9fensif constitu\u00e9 de tours, d\u2019enceintes et de meurtri\u00e8res \u00e0 une demeure seigneuriale avec cour et chapelle d\u00e9cor\u00e9es de fresques.<br \/>\nCe n\u2019est qu\u2019au XVe si\u00e8cle que l\u2019on assiste \u00e0 la construction de v\u00e9ritables palais seigneuriaux comme le Ch\u00e2teau d\u2019Issogne, une r\u00e9sidence purement r\u00e9sidentielle sans vocation d\u00e9fensive.<\/p>\n<h2>Les ch\u00e2teaux de la famille Savoie en Vall\u00e9e d\u2019Aoste<\/h2>\n<p>Le <a href=\"https:\/\/www.guidaturisticaosta.it\/fr\/visite\/chateau-de-sarre\/\" target=\"_blank\"><strong>Ch\u00e2teau Royal de Sarre<\/strong><\/a> a \u00e9t\u00e9 achet\u00e9 en 1869 par le roi Victor-Emmanuel II, surnomm\u00e9 le Roi Chasseur, pour en faire sa r\u00e9sidence durant les p\u00e9riodes de chasse dans les vall\u00e9es du Grand Paradis. Le <strong>Castel Savoia \u00e0 Gressoney-Saint-Jean<\/strong> est indissolublement li\u00e9 \u00e0 la figure de la reine Marguerite de Savoie et \u00e0 ses exploits alpins dans le massif du Mont Rose au d\u00e9but du XXe si\u00e8cle.<\/p>\n","protected":false},"excerpt":{"rendered":"<p>Visitez les ch\u00e2teaux de la Vall\u00e9e d\u2019Aoste, ch\u00e2teaux m\u00e9di\u00e9vaux et \u00e9l\u00e9gantes demeures impr\u00e9gn\u00e9es d\u2019histoire et de l\u00e9gendes. Un guide conf\u00e9rencier [&hellip;]<\/p>\n","protected":false},"author":1,"featured_media":21615,"parent":0,"menu_order":18,"comment_status":"closed","ping_status":"closed","template":"","meta":{"_acf_changed":false,"_et_pb_use_builder":"","_et_pb_old_content":"","_et_gb_content_width":"","footnotes":""},"page_category":[204],"class_list":["post-21613","page","type-page","status-publish","has-post-thumbnail","hentry","page_category-pagina-archivio-visite"],"acf":[],"_links":{"self":[{"href":"https:\/\/www.guidaturisticaosta.it\/fr\/wp-json\/wp\/v2\/pages\/21613","targetHints":{"allow":["GET"]}}],"collection":[{"href":"https:\/\/www.guidaturisticaosta.it\/fr\/wp-json\/wp\/v2\/pages"}],"about":[{"href":"https:\/\/www.guidaturisticaosta.it\/fr\/wp-json\/wp\/v2\/types\/page"}],"author":[{"embeddable":true,"href":"https:\/\/www.guidaturisticaosta.it\/fr\/wp-json\/wp\/v2\/users\/1"}],"replies":[{"embeddable":true,"href":"https:\/\/www.guidaturisticaosta.it\/fr\/wp-json\/wp\/v2\/comments?post=21613"}],"version-history":[{"count":10,"href":"https:\/\/www.guidaturisticaosta.it\/fr\/wp-json\/wp\/v2\/pages\/21613\/revisions"}],"predecessor-version":[{"id":21706,"href":"https:\/\/www.guidaturisticaosta.it\/fr\/wp-json\/wp\/v2\/pages\/21613\/revisions\/21706"}],"wp:featuredmedia":[{"embeddable":true,"href":"https:\/\/www.guidaturisticaosta.it\/fr\/wp-json\/wp\/v2\/media\/21615"}],"wp:attachment":[{"href":"https:\/\/www.guidaturisticaosta.it\/fr\/wp-json\/wp\/v2\/media?parent=21613"}],"wp:term":[{"taxonomy":"page_category","embeddable":true,"href":"https:\/\/www.guidaturisticaosta.it\/fr\/wp-json\/wp\/v2\/page_category?post=21613"}],"curies":[{"name":"wp","href":"https:\/\/api.w.org\/{rel}","templated":true}]}}