{"id":21622,"date":"2018-02-19T13:39:19","date_gmt":"2018-02-19T12:39:19","guid":{"rendered":"https:\/\/www.guidaturisticaosta.it\/musei-aosta\/"},"modified":"2025-11-29T17:03:24","modified_gmt":"2025-11-29T16:03:24","slug":"musees-de-la-vallee-daoste-informations-et-visites-guidees","status":"publish","type":"page","link":"https:\/\/www.guidaturisticaosta.it\/fr\/musees-de-la-vallee-daoste-informations-et-visites-guidees\/","title":{"rendered":"Mus\u00e9es de la Vall\u00e9e d&rsquo;Aoste &#8211; Informations et visites guid\u00e9es"},"content":{"rendered":"<p><strong>Les mus\u00e9es de la Vall\u00e9e d\u2019Aoste<\/strong> n\u2019attendent qu\u2019\u00e0 \u00eatre d\u00e9couverts. Venez explorer la Vall\u00e9e d\u2019Aoste, un territoire riche en mus\u00e9es et en \u0153uvres d\u2019art.<\/p>\n<p><strong>Un guide conf\u00e9rencier<\/strong> vous accompagnera \u00e0 la d\u00e9couverte des diff\u00e9rentes <strong>expositions et des mus\u00e9es<\/strong> de la Vall\u00e9e d\u2019Aoste. Vous pourrez d\u00e9couvrir les principaux mus\u00e9es ainsi que leurs t\u00e9moignages mat\u00e9riels et immat\u00e9riels.<br \/>\nDe plus, vous aurez l\u2019occasion d\u2019approfondir l\u2019histoire de ses habitants, en passant de l\u2019<strong>arch\u00e9ologie<\/strong> \u00e0 l\u2019<strong>art sacr\u00e9<\/strong>, jusqu\u2019aux <strong>traditions populaires<\/strong>.<\/p>\n<p>L\u2019art s\u2019exprime \u00e0 travers de nombreuses expositions temporaires, situ\u00e9es principalement \u00e0 Aoste et dans les p\u00f4les culturels tels que le <strong><a href=\"https:\/\/www.guidaturisticaosta.it\/fr\/visite\/forte-di-bard\/\" target=\"_blank\">Fort de Bard<\/a><\/strong> et le <strong><a href=\"https:\/\/www.guidaturisticaosta.it\/fr\/visite\/chateau-gamba\/\" target=\"_blank\">Ch\u00e2teau Gamba<\/a><\/strong>.<\/p>\n","protected":false},"excerpt":{"rendered":"<p>Les mus\u00e9es de la Vall\u00e9e d\u2019Aoste n\u2019attendent qu\u2019\u00e0 \u00eatre d\u00e9couverts. Venez explorer la Vall\u00e9e d\u2019Aoste, un territoire riche en mus\u00e9es [&hellip;]<\/p>\n","protected":false},"author":1,"featured_media":21624,"parent":0,"menu_order":23,"comment_status":"closed","ping_status":"closed","template":"","meta":{"_acf_changed":false,"_et_pb_use_builder":"","_et_pb_old_content":"","_et_gb_content_width":"","footnotes":""},"page_category":[204],"class_list":["post-21622","page","type-page","status-publish","has-post-thumbnail","hentry","page_category-pagina-archivio-visite"],"acf":[],"_links":{"self":[{"href":"https:\/\/www.guidaturisticaosta.it\/fr\/wp-json\/wp\/v2\/pages\/21622","targetHints":{"allow":["GET"]}}],"collection":[{"href":"https:\/\/www.guidaturisticaosta.it\/fr\/wp-json\/wp\/v2\/pages"}],"about":[{"href":"https:\/\/www.guidaturisticaosta.it\/fr\/wp-json\/wp\/v2\/types\/page"}],"author":[{"embeddable":true,"href":"https:\/\/www.guidaturisticaosta.it\/fr\/wp-json\/wp\/v2\/users\/1"}],"replies":[{"embeddable":true,"href":"https:\/\/www.guidaturisticaosta.it\/fr\/wp-json\/wp\/v2\/comments?post=21622"}],"version-history":[{"count":5,"href":"https:\/\/www.guidaturisticaosta.it\/fr\/wp-json\/wp\/v2\/pages\/21622\/revisions"}],"predecessor-version":[{"id":21931,"href":"https:\/\/www.guidaturisticaosta.it\/fr\/wp-json\/wp\/v2\/pages\/21622\/revisions\/21931"}],"wp:featuredmedia":[{"embeddable":true,"href":"https:\/\/www.guidaturisticaosta.it\/fr\/wp-json\/wp\/v2\/media\/21624"}],"wp:attachment":[{"href":"https:\/\/www.guidaturisticaosta.it\/fr\/wp-json\/wp\/v2\/media?parent=21622"}],"wp:term":[{"taxonomy":"page_category","embeddable":true,"href":"https:\/\/www.guidaturisticaosta.it\/fr\/wp-json\/wp\/v2\/page_category?post=21622"}],"curies":[{"name":"wp","href":"https:\/\/api.w.org\/{rel}","templated":true}]}}