{"id":21636,"date":"2018-03-14T18:08:36","date_gmt":"2018-03-14T17:08:36","guid":{"rendered":"https:\/\/www.guidaturisticaosta.it\/territorio\/"},"modified":"2025-11-29T17:02:55","modified_gmt":"2025-11-29T16:02:55","slug":"territoire-de-la-vallee-daoste-informations-et-visites-guidees","status":"publish","type":"page","link":"https:\/\/www.guidaturisticaosta.it\/fr\/territoire-de-la-vallee-daoste-informations-et-visites-guidees\/","title":{"rendered":"Territoire de la Vall\u00e9e d&rsquo;Aoste &#8211; Informations et visites guid\u00e9es"},"content":{"rendered":"<p>Vieni a scoprire la <strong>Valle d&rsquo;Aosta<\/strong>, un territorio ricco di storia, eventi e tradizione<\/p>\n<p>Venez d\u00e9couvrir la <strong>Vall\u00e9e d\u2019Aoste<\/strong>, un territoire riche d\u2019histoire, d\u2019\u00e9v\u00e9nements et de traditions.<\/p>\n<p><strong>Un guide conf\u00e9rencier vous accompagnera \u00e0 la d\u00e9couverte du territoire vald\u00f4tain<\/strong>. Vous pourrez admirer les beaut\u00e9s locales \u00e0 travers des exp\u00e9riences uniques, comme le Skyway du Mont-Blanc, les cols alpins, les foires d\u2019artisanat, les march\u00e9s de No\u00ebl et bien d\u2019autres encore<\/p>\n<h2 style=\"text-align: left;\">L&rsquo;\u00e9t\u00e9 en Vall\u00e9e d&rsquo;Aoste<\/h2>\n<p>L\u2019\u00e9t\u00e9 est la saison id\u00e9ale pour explorer la Vall\u00e9e d\u2019Aoste et atteindre des lieux inaccessibles une grande partie de l\u2019ann\u00e9e, comme le <strong>col du Petit-Saint-Bernard<\/strong> et le <strong>col du Grand-Saint-Bernard<\/strong>.<br \/>\nEn \u00e9t\u00e9 se tient \u00e9galement une importante foire d\u2019artisanat local: <strong>la Foire d\u2019\u00c9t\u00e9<\/strong>, qui a lieu \u00e0 Aoste au mois d\u2019ao\u00fbt.<\/p>\n<h2>L&rsquo;automne en Vall\u00e9e d&rsquo;Aoste<\/h2>\n<p>L\u2019automne, avec ses couleurs magnifiques, est la p\u00e9riode id\u00e9ale pour les promenades et pour d\u00e9couvrir les f\u00eates traditionnelles ainsi que les circuits \u0153nogastronomiques li\u00e9s au territoire.<\/p>\n<h2>L&rsquo;hiver en Vall\u00e9e d&rsquo;Aoste<\/h2>\n<p>En hiver, lorsque la neige immacul\u00e9e recouvre tout et que le paysage devient blanc, ont lieu les manifestations les plus caract\u00e9ristiques de la r\u00e9gion vald\u00f4taine.<br \/>\nParmi elles, la mill\u00e9naire <strong>Foire de Saint-Ours<\/strong>, une foire d\u2019artisanat local tr\u00e8s importante, se d\u00e9roule \u00e0 Aoste les 30 et 31 janvier et \u00e0 Donnas quelques semaines plus t\u00f4t.<br \/>\nLes <strong>march\u00e9s de No\u00ebl<\/strong> sont d\u00e9sormais un rendez-vous incontournable de la p\u00e9riode des f\u00eates: ne manquez pas le <strong>March\u00e9 Vert No\u00ebl<\/strong>, install\u00e9 dans le cadre enchanteur du Th\u00e9\u00e2tre romain d\u2019Aoste, ou encore <strong>No\u00ebl au Bourg<\/strong>, au pied du Fort de Bard.<\/p>\n<p>Tout au long de l\u2019ann\u00e9e, il est \u00e9galement possible de vivre une exp\u00e9rience unique: atteindre le toit des Alpes gr\u00e2ce \u00e0 la nouvelle t\u00e9l\u00e9cabine <strong>Skyway Monte Bianco<\/strong>.<\/p>\n","protected":false},"excerpt":{"rendered":"<p>Vieni a scoprire la Valle d&rsquo;Aosta, un territorio ricco di storia, eventi e tradizione Venez d\u00e9couvrir la Vall\u00e9e d\u2019Aoste, un [&hellip;]<\/p>\n","protected":false},"author":1,"featured_media":21638,"parent":0,"menu_order":32,"comment_status":"closed","ping_status":"closed","template":"","meta":{"_acf_changed":false,"_et_pb_use_builder":"","_et_pb_old_content":"","_et_gb_content_width":"","footnotes":""},"page_category":[204],"class_list":["post-21636","page","type-page","status-publish","has-post-thumbnail","hentry","page_category-pagina-archivio-visite"],"acf":[],"_links":{"self":[{"href":"https:\/\/www.guidaturisticaosta.it\/fr\/wp-json\/wp\/v2\/pages\/21636","targetHints":{"allow":["GET"]}}],"collection":[{"href":"https:\/\/www.guidaturisticaosta.it\/fr\/wp-json\/wp\/v2\/pages"}],"about":[{"href":"https:\/\/www.guidaturisticaosta.it\/fr\/wp-json\/wp\/v2\/types\/page"}],"author":[{"embeddable":true,"href":"https:\/\/www.guidaturisticaosta.it\/fr\/wp-json\/wp\/v2\/users\/1"}],"replies":[{"embeddable":true,"href":"https:\/\/www.guidaturisticaosta.it\/fr\/wp-json\/wp\/v2\/comments?post=21636"}],"version-history":[{"count":5,"href":"https:\/\/www.guidaturisticaosta.it\/fr\/wp-json\/wp\/v2\/pages\/21636\/revisions"}],"predecessor-version":[{"id":22059,"href":"https:\/\/www.guidaturisticaosta.it\/fr\/wp-json\/wp\/v2\/pages\/21636\/revisions\/22059"}],"wp:featuredmedia":[{"embeddable":true,"href":"https:\/\/www.guidaturisticaosta.it\/fr\/wp-json\/wp\/v2\/media\/21638"}],"wp:attachment":[{"href":"https:\/\/www.guidaturisticaosta.it\/fr\/wp-json\/wp\/v2\/media?parent=21636"}],"wp:term":[{"taxonomy":"page_category","embeddable":true,"href":"https:\/\/www.guidaturisticaosta.it\/fr\/wp-json\/wp\/v2\/page_category?post=21636"}],"curies":[{"name":"wp","href":"https:\/\/api.w.org\/{rel}","templated":true}]}}